{"id":27,"date":"2024-12-30T12:11:38","date_gmt":"2024-12-30T12:11:38","guid":{"rendered":"https:\/\/rheinland-services.de\/?page_id=27"},"modified":"2025-08-23T09:15:27","modified_gmt":"2025-08-23T09:15:27","slug":"ueber","status":"publish","type":"page","link":"https:\/\/rheinland-services.de\/?page_id=27","title":{"rendered":"\u00dcber"},"content":{"rendered":"<p>[et_pb_section fb_built=&#8220;1&#8243; _builder_version=&#8220;4.5.1&#8243; _module_preset=&#8220;default&#8220;][et_pb_row column_structure=&#8220;2_5,3_5&#8243; _builder_version=&#8220;4.5.1&#8243; _module_preset=&#8220;default&#8220;][et_pb_column type=&#8220;2_5&#8243; _builder_version=&#8220;4.5.1&#8243; _module_preset=&#8220;default&#8220;][et_pb_image src=&#8220;https:\/\/rheinland-services.de\/wp-content\/uploads\/2024\/12\/Carkit_Hayrullah_2381-Kopie-scaled.jpg&#8220; title_text=&#8220;Carkit, Hayrullah&#8220; _builder_version=&#8220;4.5.1&#8243; _module_preset=&#8220;default&#8220; hover_enabled=&#8220;0&#8243; border_radii=&#8220;on|15px|15px|15px|15px&#8220; border_width_all=&#8220;3px&#8220; border_color_all=&#8220;#0b5999&#8243;][\/et_pb_image][\/et_pb_column][et_pb_column type=&#8220;3_5&#8243; _builder_version=&#8220;4.5.1&#8243; _module_preset=&#8220;default&#8220;][et_pb_text _builder_version=&#8220;4.5.1&#8243; _module_preset=&#8220;default&#8220; text_font=&#8220;Montserrat|700||on|||||&#8220; text_text_color=&#8220;#0b5999&#8243; text_font_size=&#8220;17px&#8220; custom_padding=&#8220;||0px|||&#8220;]\u00dcber Rheinland Services[\/et_pb_text][et_pb_text _builder_version=&#8220;4.5.1&#8243; _module_preset=&#8220;default&#8220; text_font=&#8220;||||||||&#8220; text_letter_spacing=&#8220;1px&#8220; min_height=&#8220;47.6px&#8220; custom_margin=&#8220;0px||||false|false&#8220; custom_padding=&#8220;0px|||||&#8220;]<\/p>\n<p>Rheinland Services (RLS) wurde Ende 2024 von Dipl.-Ing. (FH) Herr Carkit gegr\u00fcndet, einem ausgewiesenen Experten im Bereich der Elektromagnetischen Vertr\u00e4glichkeit (EMV) mit umfangreicher Erfahrung seit den 1998er Jahren. Neben seiner T\u00e4tigkeit bei RLS fungiert Herr Carkit als Auditor im Auftrag der Deutschen Akkreditierungsstelle (DAkkS) sowie der Zentralstelle der L\u00e4nder f\u00fcr Gesundheitsschutz bei Arzneimitteln und Medizinprodukten (ZLG). Sein Engagement in verschiedenen Normungsgremien unterstreicht seine Fachkompetenz und seinen Beitrag zur Weiterentwicklung des Fachgebiets.<\/p>\n<p>RLS positioniert sich als Ihr verl\u00e4sslicher und erfahrener Partner in den Disziplinen EMV, Abstrahlsicherheit sowie der Aufrechterhaltung und Erlangung von Akkreditierungen gem\u00e4\u00df DIN EN ISO\/IEC 17025. Unser Anspruch ist es, durch profundes Fachwissen und ma\u00dfgeschneiderte Dienstleistungen, die auf Ihre spezifischen Bed\u00fcrfnisse abgestimmt sind, die Basis f\u00fcr eine erfolgreiche und konforme Produktentwicklung zu schaffen.<\/p>\n<p>Wir streben danach, unseren Partnern nicht nur rechtliche Sicherheit, sondern auch einen klaren Wettbewerbsvorteil zu verschaffen. Lassen Sie uns gemeinsam die Herausforderungen der modernen Technologie meistern und Ihre Projekte zum Erfolg f\u00fchren. Wir freuen uns auf eine vertrauensvolle und fruchtbare Zusammenarbeit.<\/p>\n<p>[\/et_pb_text][\/et_pb_column][\/et_pb_row][\/et_pb_section]<\/p>\n","protected":false},"excerpt":{"rendered":"<p>[et_pb_section fb_built=&#8220;1&#8243; _builder_version=&#8220;4.5.1&#8243; _module_preset=&#8220;default&#8220;][et_pb_row column_structure=&#8220;2_5,3_5&#8243; _builder_version=&#8220;4.5.1&#8243; _module_preset=&#8220;default&#8220;][et_pb_column type=&#8220;2_5&#8243; _builder_version=&#8220;4.5.1&#8243; _module_preset=&#8220;default&#8220;][et_pb_image src=&#8220;https:\/\/rheinland-services.de\/wp-content\/uploads\/2024\/12\/Carkit_Hayrullah_2381-Kopie-scaled.jpg&#8220; title_text=&#8220;Carkit, Hayrullah&#8220; _builder_version=&#8220;4.5.1&#8243; _module_preset=&#8220;default&#8220; hover_enabled=&#8220;0&#8243; border_radii=&#8220;on|15px|15px|15px|15px&#8220; border_width_all=&#8220;3px&#8220; border_color_all=&#8220;#0b5999&#8243;][\/et_pb_image][\/et_pb_column][et_pb_column type=&#8220;3_5&#8243; _builder_version=&#8220;4.5.1&#8243; _module_preset=&#8220;default&#8220;][et_pb_text _builder_version=&#8220;4.5.1&#8243; _module_preset=&#8220;default&#8220; text_font=&#8220;Montserrat|700||on|||||&#8220; text_text_color=&#8220;#0b5999&#8243; text_font_size=&#8220;17px&#8220; custom_padding=&#8220;||0px|||&#8220;]\u00dcber Rheinland Services[\/et_pb_text][et_pb_text _builder_version=&#8220;4.5.1&#8243; _module_preset=&#8220;default&#8220; text_font=&#8220;||||||||&#8220; text_letter_spacing=&#8220;1px&#8220; min_height=&#8220;47.6px&#8220; custom_margin=&#8220;0px||||false|false&#8220; custom_padding=&#8220;0px|||||&#8220;] Rheinland Services (RLS) wurde Ende 2024 von Dipl.-Ing. (FH) Herr Carkit gegr\u00fcndet, einem ausgewiesenen Experten im Bereich der [&hellip;]<\/p>\n","protected":false},"author":1,"featured_media":0,"parent":0,"menu_order":0,"comment_status":"closed","ping_status":"closed","template":"","meta":{"_et_pb_use_builder":"on","_et_pb_old_content":"","_et_gb_content_width":"","footnotes":""},"class_list":["post-27","page","type-page","status-publish","hentry"],"_links":{"self":[{"href":"https:\/\/rheinland-services.de\/index.php?rest_route=\/wp\/v2\/pages\/27","targetHints":{"allow":["GET"]}}],"collection":[{"href":"https:\/\/rheinland-services.de\/index.php?rest_route=\/wp\/v2\/pages"}],"about":[{"href":"https:\/\/rheinland-services.de\/index.php?rest_route=\/wp\/v2\/types\/page"}],"author":[{"embeddable":true,"href":"https:\/\/rheinland-services.de\/index.php?rest_route=\/wp\/v2\/users\/1"}],"replies":[{"embeddable":true,"href":"https:\/\/rheinland-services.de\/index.php?rest_route=%2Fwp%2Fv2%2Fcomments&post=27"}],"version-history":[{"count":29,"href":"https:\/\/rheinland-services.de\/index.php?rest_route=\/wp\/v2\/pages\/27\/revisions"}],"predecessor-version":[{"id":275,"href":"https:\/\/rheinland-services.de\/index.php?rest_route=\/wp\/v2\/pages\/27\/revisions\/275"}],"wp:attachment":[{"href":"https:\/\/rheinland-services.de\/index.php?rest_route=%2Fwp%2Fv2%2Fmedia&parent=27"}],"curies":[{"name":"wp","href":"https:\/\/api.w.org\/{rel}","templated":true}]}}