{"id":29,"date":"2024-12-30T12:11:49","date_gmt":"2024-12-30T12:11:49","guid":{"rendered":"https:\/\/rheinland-services.de\/?page_id=29"},"modified":"2025-01-19T18:24:04","modified_gmt":"2025-01-19T18:24:04","slug":"leistungen","status":"publish","type":"page","link":"https:\/\/rheinland-services.de\/?page_id=29","title":{"rendered":"Leistungen"},"content":{"rendered":"<p>[et_pb_section fb_built=&#8220;1&#8243; _builder_version=&#8220;4.5.1&#8243; _module_preset=&#8220;default&#8220; custom_padding=&#8220;40px|||||&#8220;][et_pb_row _builder_version=&#8220;4.5.1&#8243; _module_preset=&#8220;default&#8220;][et_pb_column _builder_version=&#8220;4.5.1&#8243; _module_preset=&#8220;default&#8220; type=&#8220;4_4&#8243; hover_enabled=&#8220;0&#8243;][et_pb_text _builder_version=&#8220;4.5.1&#8243; _module_preset=&#8220;default&#8220; hover_enabled=&#8220;0&#8243;]<\/p>\n<h1 class=\"entry-title main_title\">Leistungen<\/h1>\n<p>[\/et_pb_text][\/et_pb_column][\/et_pb_row][et_pb_row _builder_version=&#8220;4.5.1&#8243; _module_preset=&#8220;default&#8220; column_structure=&#8220;1_4,3_4&#8243;][et_pb_column _builder_version=&#8220;4.5.1&#8243; _module_preset=&#8220;default&#8220; type=&#8220;1_4&#8243;][et_pb_text _builder_version=&#8220;4.5.1&#8243; _module_preset=&#8220;default&#8220; hover_enabled=&#8220;0&#8243;]<\/p>\n<h2>EMV &#8211;\u00a0 Beratung <br \/>DIN EN ISO\/IEC 17025<\/h2>\n<p>[\/et_pb_text][\/et_pb_column][et_pb_column _builder_version=&#8220;4.5.1&#8243; _module_preset=&#8220;default&#8220; type=&#8220;3_4&#8243;][et_pb_accordion _builder_version=&#8220;4.5.1&#8243; _module_preset=&#8220;default&#8220; hover_enabled=&#8220;0&#8243;][et_pb_accordion_item title=&#8220;Beratung rund um EMV sowie Akkreditierung nach DIN EN ISO\/IEC 17025&#8243; _builder_version=&#8220;4.5.1&#8243; _module_preset=&#8220;default&#8220; open=&#8220;on&#8220; use_icon_font_size=&#8220;on&#8220; icon_font_size=&#8220;20px&#8220; closed_toggle_background_color=&#8220;#ffffff&#8220; open_toggle_background_color=&#8220;#ffffff&#8220; text_orientation=&#8220;left&#8220; open_toggle_text_color=&#8220;#0b5999&#8243; toggle_text_color=&#8220;#0b5999&#8243; toggle_level=&#8220;h2&#8243; closed_toggle_text_color=&#8220;#0b5999&#8243; body_text_color=&#8220;#0b5999&#8243; hover_enabled=&#8220;0&#8243; icon_color=&#8220;#0b5999&#8243; border_radii=&#8220;on|10px|10px|10px|10px&#8220; border_color_all=&#8220;#0b5999&#8243; toggle_font=&#8220;|600|||||||&#8220; toggle_font_size=&#8220;18px&#8220;]<\/p>\n<p>Beratungsleitungen, Begleitung von Akkreditierungen, Pr\u00fcfung von QM- und Pr\u00fcflabordokumenten<\/p>\n<p>[\/et_pb_accordion_item][et_pb_accordion_item title=&#8220;Details zu unseren Leitungen der EMV, elektromagnetische Vertr\u00e4glichkeit&#8220; _builder_version=&#8220;4.5.1&#8243; _module_preset=&#8220;default&#8220; open=&#8220;off&#8220; icon_color=&#8220;#0b5999&#8243; use_icon_font_size=&#8220;on&#8220; icon_font_size=&#8220;20px&#8220; hover_enabled=&#8220;0&#8243; open_toggle_background_color=&#8220;#ffffff&#8220; closed_toggle_background_color=&#8220;#ffffff&#8220; toggle_level=&#8220;h2&#8243; open_toggle_text_color=&#8220;#0b5999&#8243; toggle_text_color=&#8220;#0b5999&#8243; closed_toggle_text_color=&#8220;#0b5999&#8243; body_text_color=&#8220;#0b5999&#8243; border_radii=&#8220;on|10px|10px|10px|10px&#8220; border_color_all=&#8220;#0b5999&#8243;]<\/p>\n<p>Wir beraten Sie umfassend zur Erlangung und Erreichung Ihrer Projektziele nach den Anforderungen der Norm DIN EN ISO\/IEC 17025 .<\/p>\n<p>Zu unseren umfassenden Leistungen geh\u00f6ren:<\/p>\n<ul>\n<li>Analyse Ihrer Dokumente zur Erlangung und Aufrecherhaltung Ihrer Akkreditierung nach DIN EN ISO\/IEC 17025 und den internationalen Anforderungen EA \/ ILAC.<\/li>\n<li>Kapitelweise Pr\u00fcfung der Norm<\/li>\n<\/ul>\n<p>&nbsp;<\/p>\n<p>Nehmen Sie gern Kontakt f\u00fcr ein unverbindliches und kostenloses Erstgespr\u00e4ch\/Kontakt auf. Sie k\u00f6nnen uns Ihre Nachricht gern \u00fcber das Kontaktformular zusenden. Wir kommen schnellstm\u00f6glich auf Sie zur\u00fcck. Wir freuen uns auf Sie.<\/p>\n<p>[\/et_pb_accordion_item][\/et_pb_accordion][\/et_pb_column][\/et_pb_row][et_pb_row _builder_version=&#8220;4.5.1&#8243; _module_preset=&#8220;default&#8220; column_structure=&#8220;1_4,3_4&#8243;][et_pb_column _builder_version=&#8220;4.5.1&#8243; _module_preset=&#8220;default&#8220; type=&#8220;1_4&#8243;][et_pb_text _builder_version=&#8220;4.5.1&#8243; _module_preset=&#8220;default&#8220; hover_enabled=&#8220;0&#8243;]<\/p>\n<h2>Abstrahlsicherheit<\/h2>\n<p>[\/et_pb_text][\/et_pb_column][et_pb_column _builder_version=&#8220;4.5.1&#8243; _module_preset=&#8220;default&#8220; type=&#8220;3_4&#8243;][et_pb_accordion _builder_version=&#8220;4.5.1&#8243; _module_preset=&#8220;default&#8220; hover_enabled=&#8220;0&#8243;][et_pb_accordion_item title=&#8220;Abstrahlsicherheit nach BSI- und nach NATO- Vorgaben&#8220; _builder_version=&#8220;4.5.1&#8243; _module_preset=&#8220;default&#8220; open=&#8220;on&#8220; use_icon_font_size=&#8220;on&#8220; icon_font_size=&#8220;20px&#8220; closed_toggle_background_color=&#8220;#ffffff&#8220; open_toggle_background_color=&#8220;#ffffff&#8220; text_orientation=&#8220;left&#8220; open_toggle_text_color=&#8220;#0b5999&#8243; toggle_text_color=&#8220;#0b5999&#8243; toggle_level=&#8220;h2&#8243; closed_toggle_text_color=&#8220;#0b5999&#8243; body_text_color=&#8220;#0b5999&#8243; hover_enabled=&#8220;0&#8243; icon_color=&#8220;#0b5999&#8243; border_radii=&#8220;on|10px|10px|10px|10px&#8220; border_color_all=&#8220;#0b5999&#8243; toggle_font=&#8220;|600|||||||&#8220; toggle_font_size=&#8220;18px&#8220;]<\/p>\n<p>Beratungsleitungen, Begleitung von Projekten, Zulassung und Zertifikate<\/p>\n<p>[\/et_pb_accordion_item][et_pb_accordion_item title=&#8220;Details zu unseren Leitungen der Abstrahlsicherheit:&#8220; _builder_version=&#8220;4.5.1&#8243; _module_preset=&#8220;default&#8220; open=&#8220;off&#8220; icon_color=&#8220;#0b5999&#8243; use_icon_font_size=&#8220;on&#8220; icon_font_size=&#8220;20px&#8220; hover_enabled=&#8220;0&#8243; open_toggle_background_color=&#8220;#ffffff&#8220; closed_toggle_background_color=&#8220;#ffffff&#8220; toggle_level=&#8220;h2&#8243; open_toggle_text_color=&#8220;#0b5999&#8243; toggle_text_color=&#8220;#0b5999&#8243; closed_toggle_text_color=&#8220;#0b5999&#8243; body_text_color=&#8220;#0b5999&#8243; border_radii=&#8220;on|10px|10px|10px|10px&#8220; border_color_all=&#8220;#0b5999&#8243;]<\/p>\n<p>Wir beraten Sie umfassend zur Erlangung und Erreichung Ihrer Projektziele nach den Vorgaben des BSI, <span>Bundesamt f\u00fcr Sicherheit in der Informationstechnik (Zone 1, Zone 2 und Zone 2) und der NATO SDIP 27 Level B, SDIP 27 Level C<\/span>.<\/p>\n<p>Zu unseren umfassenden Leistungen geh\u00f6ren:<\/p>\n<ul>\n<li>Analyse Ihrer Kundenanforderungen, falls erw\u00fcnscht<\/li>\n<li>Beratung hinsichtlich Konfiguration der Hardware<\/li>\n<li><\/li>\n<\/ul>\n<p>[\/et_pb_accordion_item][\/et_pb_accordion][\/et_pb_column][\/et_pb_row][\/et_pb_section]<\/p>\n","protected":false},"excerpt":{"rendered":"<p>[et_pb_section fb_built=&#8220;1&#8243; _builder_version=&#8220;4.5.1&#8243; _module_preset=&#8220;default&#8220; custom_padding=&#8220;40px|||||&#8220;][et_pb_row _builder_version=&#8220;4.5.1&#8243; _module_preset=&#8220;default&#8220;][et_pb_column _builder_version=&#8220;4.5.1&#8243; _module_preset=&#8220;default&#8220; type=&#8220;4_4&#8243; hover_enabled=&#8220;0&#8243;][et_pb_text _builder_version=&#8220;4.5.1&#8243; _module_preset=&#8220;default&#8220; hover_enabled=&#8220;0&#8243;] Leistungen [\/et_pb_text][\/et_pb_column][\/et_pb_row][et_pb_row _builder_version=&#8220;4.5.1&#8243; _module_preset=&#8220;default&#8220; column_structure=&#8220;1_4,3_4&#8243;][et_pb_column _builder_version=&#8220;4.5.1&#8243; _module_preset=&#8220;default&#8220; type=&#8220;1_4&#8243;][et_pb_text _builder_version=&#8220;4.5.1&#8243; _module_preset=&#8220;default&#8220; hover_enabled=&#8220;0&#8243;] EMV &#8211;\u00a0 Beratung DIN EN ISO\/IEC 17025 [\/et_pb_text][\/et_pb_column][et_pb_column _builder_version=&#8220;4.5.1&#8243; _module_preset=&#8220;default&#8220; type=&#8220;3_4&#8243;][et_pb_accordion _builder_version=&#8220;4.5.1&#8243; _module_preset=&#8220;default&#8220; hover_enabled=&#8220;0&#8243;][et_pb_accordion_item title=&#8220;Beratung rund um EMV sowie Akkreditierung nach DIN EN ISO\/IEC 17025&#8243; _builder_version=&#8220;4.5.1&#8243; _module_preset=&#8220;default&#8220; open=&#8220;on&#8220; use_icon_font_size=&#8220;on&#8220; icon_font_size=&#8220;20px&#8220; [&hellip;]<\/p>\n","protected":false},"author":1,"featured_media":0,"parent":0,"menu_order":0,"comment_status":"closed","ping_status":"closed","template":"","meta":{"_et_pb_use_builder":"on","_et_pb_old_content":"","_et_gb_content_width":"","footnotes":""},"class_list":["post-29","page","type-page","status-publish","hentry"],"_links":{"self":[{"href":"https:\/\/rheinland-services.de\/index.php?rest_route=\/wp\/v2\/pages\/29","targetHints":{"allow":["GET"]}}],"collection":[{"href":"https:\/\/rheinland-services.de\/index.php?rest_route=\/wp\/v2\/pages"}],"about":[{"href":"https:\/\/rheinland-services.de\/index.php?rest_route=\/wp\/v2\/types\/page"}],"author":[{"embeddable":true,"href":"https:\/\/rheinland-services.de\/index.php?rest_route=\/wp\/v2\/users\/1"}],"replies":[{"embeddable":true,"href":"https:\/\/rheinland-services.de\/index.php?rest_route=%2Fwp%2Fv2%2Fcomments&post=29"}],"version-history":[{"count":23,"href":"https:\/\/rheinland-services.de\/index.php?rest_route=\/wp\/v2\/pages\/29\/revisions"}],"predecessor-version":[{"id":272,"href":"https:\/\/rheinland-services.de\/index.php?rest_route=\/wp\/v2\/pages\/29\/revisions\/272"}],"wp:attachment":[{"href":"https:\/\/rheinland-services.de\/index.php?rest_route=%2Fwp%2Fv2%2Fmedia&parent=29"}],"curies":[{"name":"wp","href":"https:\/\/api.w.org\/{rel}","templated":true}]}}